{"id":456,"date":"2023-04-24T14:04:02","date_gmt":"2023-04-24T14:04:02","guid":{"rendered":"https:\/\/oil4green.com\/?page_id=456"},"modified":"2023-05-02T11:47:15","modified_gmt":"2023-05-02T11:47:15","slug":"feder","status":"publish","type":"page","link":"https:\/\/oil4green.com\/index.php\/feder\/","title":{"rendered":"FEDER"},"content":{"rendered":"<p>[et_pb_section fb_built=\u00bb1&#8243; _builder_version=\u00bb4.20.4&#8243; _module_preset=\u00bbdefault\u00bb global_colors_info=\u00bb{}\u00bb][et_pb_row _builder_version=\u00bb4.20.4&#8243; _module_preset=\u00bbdefault\u00bb custom_margin=\u00bb0px||0px||true|false\u00bb custom_margin_tablet=\u00bb0.5px||0.5px||true|false\u00bb custom_margin_phone=\u00bb0px||0px||true|false\u00bb custom_margin_last_edited=\u00bbon|tablet\u00bb custom_padding=\u00bb0px||0px||true|false\u00bb global_colors_info=\u00bb{}\u00bb][et_pb_column type=\u00bb4_4&#8243; _builder_version=\u00bb4.20.4&#8243; _module_preset=\u00bbdefault\u00bb global_colors_info=\u00bb{}\u00bb][et_pb_code raw_content_tablet=\u00bb<html><\/p>\n<style>\n    \t#general{\n        width:100%;\n        display:flex;\n        align-items: center;\n    \t}\n      #xunta{\n        width:40%;\n      }\n      #unioneuro{\n        width:20%;\n      }\n      #xacobeo{\n        width:40%;\n      }\n      #parrafo{\n        color:black;\n        text-align:center;\n        font-size:1.2em;\n        font-weight:bold;\n      }\n    .p{\n        margin:5px;\n    }\n      #tabla {\n   \t\t border: 2px solid black;\n        margin:0px;\n \t\t }\n  \t\t#td {\n    \tborder: 2px solid black;\n        padding:20px;\n  \t\t}\n      #fEuropa{\n        color:black;\n        text-align:center;\n        font-size:1.5em;\n         font-style: italic;\n      }\n    \t#abajo{\n        display:flex;\n        justify-content: center; \t\t\t\t\t\talign-items: center;\n        margin-top:20px;\n      }\n \t \t<\/style>\n<table id=%22tabla%22>\n<tr>\n<td>\n<div id=%22general%22>\n<div id=%22xunta%22>\n            \t<img src=%22https:\/\/oil4green.com\/wp-content\/uploads\/2023\/04\/Logotipo_de_la_Xunta_de_Galicia.svg_.png%22>\n      \t\t\t<\/div>\n<div id=%22unioneuro%22>\n        \t\t\t<img src=%22https:\/\/oil4green.com\/wp-content\/uploads\/2023\/04\/UE-Union-Europea.png%22 >\n      \t\t\t<\/div>\n<div id=%22xacobeo%22>\n        \t\t\t<img src=%22https:\/\/oil4green.com\/wp-content\/uploads\/2023\/04\/xacobeo2122-transparente.png%22>\n      \t\t\t<\/div>\n<\/p><\/div>\n<\/td>\n<\/tr>\n<tr>\n<td id=%22td%22>\n<div id=%22parrafo%22>\n<p class=%22p%22>\n        Programa Conecta COVID\n      \t\t\t<\/p>\n<p class=%22p%22>\n        Laboratorio intelixente de productos biocidas a partir de aceites reciclados para a prevenci\u00f3n do COVID-19 (Proxecto DAVID)\n      \t\t\t<\/p>\n<p class=%22p%22>\n        Resposta da Uni\u00f3n Europea \u00e1 pandemia da COVID-19\n      \t\t\t<\/p>\n<p class=%22p%22>\n        Operaci\u00f3n cofinanciada pola Uni\u00f3n Europea, a trav\u00e9s do FONDO EUROPEO DE DESENVOLVEMENTO REXIONAL (FEDER)\n      \t\t\t<\/p>\n<\/p><\/div>\n<div id=%22abajo%22>\n<div id=%22feder%22>\n          \t\t<img src=%22https:\/\/oil4green.com\/wp-content\/uploads\/2023\/04\/Programa-operativo.png%22>\n        \t\t<\/div>\n<div id=%22fEuropa%22>\n<p>\n            Unha maneira de facer Europa\n          \t\t<\/p>\n<\/p><\/div>\n<\/p><\/div>\n<\/td>\n<\/tr>\n<\/table>\n<p><\/html>\u00bb raw_content_phone=\u00bb<html><\/p>\n<style>\n    \t#general{\n        width:100%;\n        display:flex;\n        align-items: center;\n    \t}\n      #xunta{\n        width:40%;\n      }\n      #unioneuro{\n        width:20%;\n      }\n      #xacobeo{\n        width:40%;\n      }\n      #parrafo{\n        color:black;\n        text-align:center;\n        font-size:1.2em;\n        font-weight:bold;\n      }\n    .p{\n        margin:5px;\n    }\n      #tabla {\n   \t\t border: 2px solid black;\n        margin:0px;\n \t\t }\n  \t\t#td {\n    \tborder: 2px solid black;\n        padding:20px;\n  \t\t}\n      #fEuropa{\n        color:black;\n        text-align:center;\n        font-size:1.5em;\n         font-style: italic;\n      }\n    \t#abajo{\n        display:flex;\n        justify-content: center; \t\t\t\t\t\talign-items: center;\n        margin-top:20px;\n      }\n \t \t<\/style>\n<table id=%22tabla%22>\n<tr>\n<td>\n<div id=%22general%22>\n<div id=%22xunta%22>\n            \t<img src=%22https:\/\/oil4green.com\/wp-content\/uploads\/2023\/04\/Logotipo_de_la_Xunta_de_Galicia.svg_.png%22>\n      \t\t\t<\/div>\n<div id=%22unioneuro%22>\n        \t\t\t<img src=%22https:\/\/oil4green.com\/wp-content\/uploads\/2023\/04\/UE-Union-Europea.png%22 >\n      \t\t\t<\/div>\n<div id=%22xacobeo%22>\n        \t\t\t<img src=%22https:\/\/oil4green.com\/wp-content\/uploads\/2023\/04\/xacobeo2122-transparente.png%22>\n      \t\t\t<\/div>\n<\/p><\/div>\n<\/td>\n<\/tr>\n<tr>\n<td id=%22td%22>\n<div id=%22parrafo%22>\n<p class=%22p%22>\n        Programa Conecta COVID\n      \t\t\t<\/p>\n<p class=%22p%22>\n        Laboratorio intelixente de productos biocidas a partir de aceites reciclados para a prevenci\u00f3n do COVID-19 (Proxecto DAVID)\n      \t\t\t<\/p>\n<p class=%22p%22>\n        Resposta da Uni\u00f3n Europea \u00e1 pandemia da COVID-19\n      \t\t\t<\/p>\n<p class=%22p%22>\n        Operaci\u00f3n cofinanciada pola Uni\u00f3n Europea, a trav\u00e9s do FONDO EUROPEO DE DESENVOLVEMENTO REXIONAL (FEDER)\n      \t\t\t<\/p>\n<\/p><\/div>\n<div id=%22abajo%22>\n<div id=%22feder%22>\n          \t\t<img src=%22https:\/\/oil4green.com\/wp-content\/uploads\/2023\/04\/Programa-operativo.png%22>\n        \t\t<\/div>\n<div id=%22fEuropa%22>\n<p>\n            Unha maneira de facer Europa\n          \t\t<\/p>\n<\/p><\/div>\n<\/p><\/div>\n<\/td>\n<\/tr>\n<\/table>\n<p><\/html>\u00bb raw_content_last_edited=\u00bbon|phone\u00bb _builder_version=\u00bb4.20.4&#8243; _module_preset=\u00bbdefault\u00bb custom_margin_tablet=\u00bb\u00bb custom_margin_phone=\u00bb0px||0px||true|false\u00bb custom_margin_last_edited=\u00bbon|phone\u00bb custom_padding=\u00bb0px||0px||true|false\u00bb box_shadow_style=\u00bbpreset1&#8243; box_shadow_color=\u00bbgcid-09ed8850-66df-4fec-8666-8445dec166ba\u00bb global_colors_info=\u00bb{%22gcid-09ed8850-66df-4fec-8666-8445dec166ba%22:%91%22box_shadow_color%22%93}\u00bb]<html><!-- [et_pb_line_break_holder] -->  <head><!-- [et_pb_line_break_holder] -->  \t<\/p>\n<style><!-- [et_pb_line_break_holder] -->    \t#general{<!-- [et_pb_line_break_holder] -->        width:100%;<!-- [et_pb_line_break_holder] -->        display:flex;<!-- [et_pb_line_break_holder] -->        justify-content: center; \t\t\t\t\t\talign-items: center;<!-- [et_pb_line_break_holder] -->    \t}<!-- [et_pb_line_break_holder] -->      #xunta{<!-- [et_pb_line_break_holder] -->        width:40%;<!-- [et_pb_line_break_holder] -->      }<!-- [et_pb_line_break_holder] -->      #unioneuro{<!-- [et_pb_line_break_holder] -->        width:20%;<!-- [et_pb_line_break_holder] -->      }<!-- [et_pb_line_break_holder] -->      #xacobeo{<!-- [et_pb_line_break_holder] -->        width:40%;<!-- [et_pb_line_break_holder] -->      }<!-- [et_pb_line_break_holder] -->      #parrafo{<!-- [et_pb_line_break_holder] -->        color:black;<!-- [et_pb_line_break_holder] -->        text-align:center;<!-- [et_pb_line_break_holder] -->        font-size:1.9em;<!-- [et_pb_line_break_holder] -->        font-weight:bold;<!-- [et_pb_line_break_holder] -->      }<!-- [et_pb_line_break_holder] -->      #tabla {<!-- [et_pb_line_break_holder] -->   \t\t border: 2px solid black;<!-- [et_pb_line_break_holder] --> \t\t }<!-- [et_pb_line_break_holder] -->  \t\t#td {<!-- [et_pb_line_break_holder] -->    \tborder: 2px solid black;<!-- [et_pb_line_break_holder] -->        padding:20px;<!-- [et_pb_line_break_holder] -->  \t\t}<!-- [et_pb_line_break_holder] -->      #fEuropa{<!-- [et_pb_line_break_holder] -->        color:black;<!-- [et_pb_line_break_holder] -->        text-align:center;<!-- [et_pb_line_break_holder] -->        font-size:1.5em;<!-- [et_pb_line_break_holder] -->         font-style: italic;<!-- [et_pb_line_break_holder] -->      }<!-- [et_pb_line_break_holder] -->    \t#feder{<!-- [et_pb_line_break_holder] -->        <!-- [et_pb_line_break_holder] -->      }<!-- [et_pb_line_break_holder] -->    \t#abajo{<!-- [et_pb_line_break_holder] -->        display:flex;<!-- [et_pb_line_break_holder] -->        justify-content: center; \t\t\t\t\t\talign-items: center;<!-- [et_pb_line_break_holder] -->        margin-top:20px;<!-- [et_pb_line_break_holder] -->      }<!-- [et_pb_line_break_holder] --> \t \t<\/style>\n<p><!-- [et_pb_line_break_holder] -->\t<\/head><!-- [et_pb_line_break_holder] -->\t<body><!-- [et_pb_line_break_holder] -->    <\/p>\n<table id=\"tabla\"><!-- [et_pb_line_break_holder] -->  <\/p>\n<tr><!-- [et_pb_line_break_holder] -->    <\/p>\n<td><!-- [et_pb_line_break_holder] -->      <\/p>\n<div id=\"general\"><!-- [et_pb_line_break_holder] -->      <\/p>\n<div id=\"xunta\"><!-- [et_pb_line_break_holder] -->        <img decoding=\"async\" src=\"https:\/\/oil4green.com\/wp-content\/uploads\/2023\/04\/Logotipo_de_la_Xunta_de_Galicia.svg_.png\"><!-- [et_pb_line_break_holder] -->      <\/div>\n<p><!-- [et_pb_line_break_holder] -->      <\/p>\n<div id=\"unioneuro\"><!-- [et_pb_line_break_holder] -->        <img decoding=\"async\" src=\"https:\/\/oil4green.com\/wp-content\/uploads\/2023\/04\/UE-Union-Europea.png\" ><!-- [et_pb_line_break_holder] -->      <\/div>\n<p><!-- [et_pb_line_break_holder] -->      <\/p>\n<div id=\"xacobeo\"><!-- [et_pb_line_break_holder] -->        <img decoding=\"async\" src=\"https:\/\/oil4green.com\/wp-content\/uploads\/2023\/04\/xacobeo2122-transparente.png\"><!-- [et_pb_line_break_holder] -->      <\/div>\n<p><!-- [et_pb_line_break_holder] -->    <\/div>\n<p><!-- [et_pb_line_break_holder] -->    <\/td>\n<p><!-- [et_pb_line_break_holder] -->  <\/tr>\n<p><!-- [et_pb_line_break_holder] -->  <\/p>\n<tr><!-- [et_pb_line_break_holder] -->    <\/p>\n<td id=\"td\"><!-- [et_pb_line_break_holder] -->       <\/p>\n<div id=\"parrafo\"><!-- [et_pb_line_break_holder] -->      <pee><!-- [et_pb_line_break_holder] -->        Programa Conecta COVID<!-- [et_pb_line_break_holder] -->      <\/pee><!-- [et_pb_line_break_holder] -->      <pee><!-- [et_pb_line_break_holder] -->        Laboratorio intelixente de productos biocidas a partir de aceites reciclados para a prevenci\u00f3n do COVID-19 (Proxecto DAVID)<!-- [et_pb_line_break_holder] -->      <\/pee><!-- [et_pb_line_break_holder] -->      <pee><!-- [et_pb_line_break_holder] -->        Resposta da Uni\u00f3n Europea \u00e1 pandemia da COVID-19<!-- [et_pb_line_break_holder] -->      <\/pee><!-- [et_pb_line_break_holder] -->      <pee><!-- [et_pb_line_break_holder] -->        Operaci\u00f3n cofinanciada pola Uni\u00f3n Europea, a trav\u00e9s do FONDO EUROPEO DE DESENVOLVEMENTO REXIONAL (FEDER)<!-- [et_pb_line_break_holder] -->      <\/pee><!-- [et_pb_line_break_holder] -->    <\/div>\n<p><!-- [et_pb_line_break_holder] -->      <\/p>\n<div id=\"abajo\"><!-- [et_pb_line_break_holder] -->        <\/p>\n<div id=\"feder\"><!-- [et_pb_line_break_holder] -->          <img decoding=\"async\" src=\"https:\/\/oil4green.com\/wp-content\/uploads\/2023\/04\/Programa-operativo.png\"><!-- [et_pb_line_break_holder] -->        <\/div>\n<p><!-- [et_pb_line_break_holder] -->        <\/p>\n<div id=\"fEuropa\"><!-- [et_pb_line_break_holder] -->          <pee><!-- [et_pb_line_break_holder] -->            Unha maneira de facer Europa<!-- [et_pb_line_break_holder] -->          <\/pee><!-- [et_pb_line_break_holder] -->        <\/div>\n<p><!-- [et_pb_line_break_holder] -->      <\/div>\n<p><!-- [et_pb_line_break_holder] -->    <\/td>\n<p><!-- [et_pb_line_break_holder] -->  <\/tr>\n<p><!-- [et_pb_line_break_holder] --><\/table>\n<p><!-- [et_pb_line_break_holder] -->\t<\/body><!-- [et_pb_line_break_holder] --><\/html>[\/et_pb_code][\/et_pb_column][\/et_pb_row][\/et_pb_section]<\/p>\n","protected":false},"excerpt":{"rendered":"","protected":false},"author":2,"featured_media":0,"parent":0,"menu_order":0,"comment_status":"closed","ping_status":"closed","template":"","meta":{"_et_pb_use_builder":"on","_et_pb_old_content":"","_et_gb_content_width":"","_themeisle_gutenberg_block_has_review":false,"footnotes":""},"class_list":["post-456","page","type-page","status-publish","hentry"],"_links":{"self":[{"href":"https:\/\/oil4green.com\/index.php\/wp-json\/wp\/v2\/pages\/456","targetHints":{"allow":["GET"]}}],"collection":[{"href":"https:\/\/oil4green.com\/index.php\/wp-json\/wp\/v2\/pages"}],"about":[{"href":"https:\/\/oil4green.com\/index.php\/wp-json\/wp\/v2\/types\/page"}],"author":[{"embeddable":true,"href":"https:\/\/oil4green.com\/index.php\/wp-json\/wp\/v2\/users\/2"}],"replies":[{"embeddable":true,"href":"https:\/\/oil4green.com\/index.php\/wp-json\/wp\/v2\/comments?post=456"}],"version-history":[{"count":30,"href":"https:\/\/oil4green.com\/index.php\/wp-json\/wp\/v2\/pages\/456\/revisions"}],"predecessor-version":[{"id":945,"href":"https:\/\/oil4green.com\/index.php\/wp-json\/wp\/v2\/pages\/456\/revisions\/945"}],"wp:attachment":[{"href":"https:\/\/oil4green.com\/index.php\/wp-json\/wp\/v2\/media?parent=456"}],"curies":[{"name":"wp","href":"https:\/\/api.w.org\/{rel}","templated":true}]}}